{"id":47,"date":"2020-03-25T13:23:10","date_gmt":"2020-03-25T17:23:10","guid":{"rendered":"http:\/\/dioc.azurewebsites.net\/?page_id=47"},"modified":"2021-04-06T18:01:41","modified_gmt":"2021-04-06T22:01:41","slug":"members","status":"publish","type":"page","link":"https:\/\/dioc.gov.on.ca\/fr\/members\/","title":{"rendered":"\u00c0 propos de nous"},"content":{"rendered":"<figure class=\"wp-block-image size-large\"><img loading=\"lazy\" decoding=\"async\" width=\"1024\" height=\"279\" src=\"\/wp-content\/uploads\/2020\/03\/Board-Meeting-scaled-e1612755379942-1024x279.jpeg\" alt=\"Group of business around the conference table with a view of sunset.\" class=\"wp-image-152\" srcset=\"\/wp-content\/uploads\/2020\/03\/Board-Meeting-scaled-e1612755379942-1024x279.jpeg 1024w, \/wp-content\/uploads\/2020\/03\/Board-Meeting-scaled-e1612755379942-300x82.jpeg 300w, \/wp-content\/uploads\/2020\/03\/Board-Meeting-scaled-e1612755379942-768x209.jpeg 768w, \/wp-content\/uploads\/2020\/03\/Board-Meeting-scaled-e1612755379942-1536x418.jpeg 1536w, \/wp-content\/uploads\/2020\/03\/Board-Meeting-scaled-e1612755379942-2048x558.jpeg 2048w, \/wp-content\/uploads\/2020\/03\/Board-Meeting-scaled-e1612755379942-16x4.jpeg 16w\" sizes=\"auto, (max-width: 1024px) 100vw, 1024px\" \/><\/figure>\n\n\n\n<h2 class=\"wp-block-heading\"><strong><span style=\"color:#086993\" class=\"tadv-color\">VUE D'ENSEMBLE<\/span><\/strong><\/h2>\n\n\n\n<p>En raison de la <a href=\"http:\/\/www.attorneygeneral.jus.gov.on.ca\/inquiries\/goudge\/index.html\">Enqu\u00eate sur la pathologie m\u00e9dico-l\u00e9gale p\u00e9diatrique en Ontario<\/a>Enqu\u00eate sur la pathologie m\u00e9dico-l\u00e9gale p\u00e9diatrique en Ontario<\/p>\n\n\n\n<p>L'enqu\u00eate Goudge \u00e9tait une enqu\u00eate judiciaire visant \u00e0 d\u00e9terminer l'\u00e9tat du syst\u00e8me de pathologie m\u00e9dico-l\u00e9gale de l'Ontario. Cette enqu\u00eate a formul\u00e9 un certain nombre de recommandations visant \u00e0 renforcer et \u00e0 moderniser le syst\u00e8me d'enqu\u00eate sur les d\u00e9c\u00e8s en Ontario, y compris la n\u00e9cessit\u00e9 de cr\u00e9er un conseil d'administration pour am\u00e9liorer la responsabilit\u00e9 et la surveillance.<\/p>\n\n\n\n<p><em>En savoir plus<\/em><\/p>\n\n\n\n<p><a href=\"https:\/\/news.ontario.ca\/mcscs\/fr\/2010\/12\/supervision-accrue-des-coroners-et-des-medecins-legistes.html\">Une meilleure surveillance des coroners et des m\u00e9decins l\u00e9gistes<\/a><\/p>\n\n\n\n<p><a href=\"https:\/\/news.ontario.ca\/mcscs\/en\/2010\/12\/strengthening-oversight-of-coroners-and-forensic-pathologists.html\">Renforcer la surveillance des coroners et des m\u00e9decins l\u00e9gistes<\/a><\/p>\n\n\n\n<p>En plus d'administrer un processus de plaintes du public, le DIOC fournit des conseils et fait des recommandations au coroner en chef et au pathologiste m\u00e9dico-l\u00e9gal en chef sur des questions telles que :<\/p>\n\n\n\n<ul class=\"wp-block-list\"><li>Gestion des ressources financi\u00e8res<\/li><li>Planification strat\u00e9gique<\/li><li>Assurance qualit\u00e9, mesures de performance et m\u00e9canismes de responsabilit\u00e9<\/li><li>Nomination et licenciement du personnel de direction <\/li><li>Respect de la loi sur les coroners<\/li><\/ul>\n\n\n\n<p>En outre, le 2 septembre 2016, <a href=\"https:\/\/www.ontario.ca\/fr\/lois\/reglement\/900180\">R\u00e8glement 180 de l'Ontario<\/a> dans le cadre de la <em>Loi sur le coroner<\/em> a \u00e9t\u00e9 modifi\u00e9 pour \u00e9largir le r\u00f4le du Conseil. \u00a0Plus pr\u00e9cis\u00e9ment, cet \u00e9largissement permet au Conseil de fournir des conseils et de faire des recommandations au coroner en chef de l'Ontario concernant les examens effectu\u00e9s en vertu du paragraphe 26(2), y compris l'opportunit\u00e9 de convoquer une enqu\u00eate discr\u00e9tionnaire.<\/p>\n\n\n\n<h2 class=\"has-text-color wp-block-heading\" style=\"color:#086993\"><strong>MEMBRES<\/strong><\/h2>\n\n\n\n<p>La DIOC est compos\u00e9e de professionnels de la sant\u00e9 et du droit, de cadres sup\u00e9rieurs de la sant\u00e9, de repr\u00e9sentants du gouvernement et de membres du public qui, collectivement, poss\u00e8dent les connaissances et l'expertise n\u00e9cessaires pour assurer un contr\u00f4le de qualit\u00e9 et une responsabilisation.  Pour plus d'informations sur les membres actuels de la DIOC, veuillez consulter le site <a href=\"https:\/\/www.pas.gov.on.ca\/fr\/Home\/Agency\/35\">Secr\u00e9tariat des nominations publiques<\/a>.<\/p>\n\n\n\n<p>La s\u00e9lection des membres du public se fait par le biais du Secr\u00e9tariat des nominations publiques et les repr\u00e9sentants du gouvernement sont nomm\u00e9s par leurs minist\u00e8res respectifs. Le lieutenant-gouverneur en conseil proc\u00e8de ensuite aux nominations au Conseil pour un mandat limit\u00e9 dans le temps.<\/p>\n\n\n\n<div class=\"wp-block-group\"><div class=\"wp-block-group__inner-container is-layout-flow wp-block-group-is-layout-flow\">\n<p class=\"has-text-align-center has-small-font-size\"><a href=\"https:\/\/prd-0220-dioc-wordpress.azurewebsites.net\/site-map\/\" data-type=\"URL\">Plan du site<\/a> | <a href=\"https:\/\/www.ontario.ca\/fr\/page\/accessibilite\">Accessibilit\u00e9<\/a> | <a href=\"https:\/\/www.ontario.ca\/fr\/page\/declaration-concernant-la-protection-de-la-vie-privee\">Vie priv\u00e9e<\/a> | <a href=\"https:\/\/www.ontario.ca\/fr\/page\/ministere-des-services-gouvernementaux-et-des-services-aux-consommateurs\">Avis importants<\/a><\/p>\n<\/div><\/div>","protected":false},"excerpt":{"rendered":"<p>OVERVIEW As a result of the Inquiry into Pediatric Forensic Pathology in Ontario, (commonly referred to as the Goudge Inquiry) DIOC was created on December 16, 2010. The Goudge Inquiry was\u00a0a judicial inquiry to determine the state of Ontario&#8217;s Forensic Pathology system. This Inquiry made a number of recommendations that focused on strengthening and modernizing &#8230; <a title=\"\u00c0 propos de nous\" class=\"read-more\" href=\"https:\/\/dioc.gov.on.ca\/fr\/members\/\" aria-label=\"En savoir plus sur About Us\">Continuer la lecture<\/a><\/p>","protected":false},"author":1,"featured_media":0,"parent":0,"menu_order":0,"comment_status":"closed","ping_status":"closed","template":"","meta":{"footnotes":""},"class_list":["post-47","page","type-page","status-publish"],"_links":{"self":[{"href":"https:\/\/dioc.gov.on.ca\/fr\/wp-json\/wp\/v2\/pages\/47","targetHints":{"allow":["GET"]}}],"collection":[{"href":"https:\/\/dioc.gov.on.ca\/fr\/wp-json\/wp\/v2\/pages"}],"about":[{"href":"https:\/\/dioc.gov.on.ca\/fr\/wp-json\/wp\/v2\/types\/page"}],"author":[{"embeddable":true,"href":"https:\/\/dioc.gov.on.ca\/fr\/wp-json\/wp\/v2\/users\/1"}],"replies":[{"embeddable":true,"href":"https:\/\/dioc.gov.on.ca\/fr\/wp-json\/wp\/v2\/comments?post=47"}],"version-history":[{"count":32,"href":"https:\/\/dioc.gov.on.ca\/fr\/wp-json\/wp\/v2\/pages\/47\/revisions"}],"predecessor-version":[{"id":552,"href":"https:\/\/dioc.gov.on.ca\/fr\/wp-json\/wp\/v2\/pages\/47\/revisions\/552"}],"wp:attachment":[{"href":"https:\/\/dioc.gov.on.ca\/fr\/wp-json\/wp\/v2\/media?parent=47"}],"curies":[{"name":"wp","href":"https:\/\/api.w.org\/{rel}","templated":true}]}}